{"id":8507,"date":"2023-05-30T14:35:46","date_gmt":"2023-05-30T12:35:46","guid":{"rendered":"https:\/\/www.lyceeclaudegellee.fr\/?page_id=8507"},"modified":"2023-06-23T08:29:29","modified_gmt":"2023-06-23T06:29:29","slug":"will-you-look-at-me","status":"publish","type":"page","link":"https:\/\/www.lyceeclaudegellee.fr\/?page_id=8507","title":{"rendered":"Will you look at me ?"},"content":{"rendered":"\t\t<div data-elementor-type=\"wp-page\" data-elementor-id=\"8507\" class=\"elementor elementor-8507\">\n\t\t\t\t\t\t<section class=\"has_eae_slider elementor-section elementor-top-section elementor-element elementor-element-272d5a8 elementor-section-stretched elementor-section-boxed elementor-section-height-default elementor-section-height-default\" data-eae-slider=\"36527\" data-id=\"272d5a8\" data-element_type=\"section\" data-e-type=\"section\" data-settings=\"{&quot;stretch_section&quot;:&quot;section-stretched&quot;,&quot;background_background&quot;:&quot;gradient&quot;}\">\n\t\t\t\t\t\t<div class=\"elementor-container elementor-column-gap-wide\">\n\t\t\t\t\t<div class=\"has_eae_slider elementor-column elementor-col-100 elementor-top-column elementor-element elementor-element-6c99777\" data-eae-slider=\"6054\" data-id=\"6c99777\" data-element_type=\"column\" data-e-type=\"column\">\n\t\t\t<div class=\"elementor-widget-wrap elementor-element-populated\">\n\t\t\t\t\t\t<div class=\"elementor-element elementor-element-6514b85 elementor-widget elementor-widget-text-editor\" data-id=\"6514b85\" data-element_type=\"widget\" data-e-type=\"widget\" data-widget_type=\"text-editor.default\">\n\t\t\t\t\t\t\t\t\t<p>\u00a0<\/p><p>\u00a0<\/p><p>\u00a0<\/p>\t\t\t\t\t\t\t\t<\/div>\n\t\t\t\t\t<\/div>\n\t\t<\/div>\n\t\t\t\t\t<\/div>\n\t\t<\/section>\n\t\t\t\t<section class=\"has_eae_slider elementor-section elementor-top-section elementor-element elementor-element-561dd01 elementor-section-full_width elementor-section-height-default elementor-section-height-default\" data-eae-slider=\"64884\" data-id=\"561dd01\" data-element_type=\"section\" data-e-type=\"section\">\n\t\t\t\t\t\t<div class=\"elementor-container elementor-column-gap-default\">\n\t\t\t\t\t<div class=\"has_eae_slider elementor-column elementor-col-100 elementor-top-column elementor-element elementor-element-d98c859\" data-eae-slider=\"51059\" data-id=\"d98c859\" data-element_type=\"column\" data-e-type=\"column\">\n\t\t\t<div class=\"elementor-widget-wrap elementor-element-populated\">\n\t\t\t\t\t\t<div class=\"elementor-element elementor-element-c733e69 elementor-widget elementor-widget-heading\" data-id=\"c733e69\" data-element_type=\"widget\" data-e-type=\"widget\" data-widget_type=\"heading.default\">\n\t\t\t\t\t<h2 class=\"elementor-heading-title elementor-size-default\">Will you look at me ? <\/h2>\t\t\t\t<\/div>\n\t\t\t\t\t<\/div>\n\t\t<\/div>\n\t\t\t\t\t<\/div>\n\t\t<\/section>\n\t\t\t\t<section class=\"has_eae_slider elementor-section elementor-top-section elementor-element elementor-element-dc1cfff elementor-section-full_width elementor-section-height-default elementor-section-height-default\" data-eae-slider=\"37662\" data-id=\"dc1cfff\" data-element_type=\"section\" data-e-type=\"section\">\n\t\t\t\t\t\t<div class=\"elementor-container elementor-column-gap-default\">\n\t\t\t\t\t<div class=\"has_eae_slider elementor-column elementor-col-100 elementor-top-column elementor-element elementor-element-223d8cf\" data-eae-slider=\"51071\" data-id=\"223d8cf\" data-element_type=\"column\" data-e-type=\"column\">\n\t\t\t<div class=\"elementor-widget-wrap elementor-element-populated\">\n\t\t\t\t\t\t<div class=\"elementor-element elementor-element-846f70a elementor-widget elementor-widget-text-editor\" data-id=\"846f70a\" data-element_type=\"widget\" data-e-type=\"widget\" data-widget_type=\"text-editor.default\">\n\t\t\t\t\t\t\t\t\t<p>Comment se repr\u00e9senter soi, comment accepter le regard d&rsquo;autrui sur soi ? Dans un monde o\u00f9 le rapport aux images est exacerb\u00e9, des \u00e9l\u00e8ves de seconde du lyc\u00e9e Claude Gell\u00e9e se sont pench\u00e9s sur la question de la repr\u00e9sentation de soi et du rapport \u00e0 autrui, notamment \u00e0 travers les arts. Leurs chemins les ont conduits \u00e0 analyser des \u0153uvres picturales telles que les\u00a0<em>Marilyn Monroe<\/em>\u00a0d&rsquo;Andy Warhol,\u00a0<em>Girl at the Mirror<\/em>\u00a0de Norman Rockwell, ou encore\u00a0<em>Triple Self-Portrait<\/em>\u00a0de Maggie Meyers gr\u00e2ce auxquelles ils se sont inspir\u00e9s pour cr\u00e9er un collage repr\u00e9sentant leur personnalit\u00e9, tout en \u00e9voquant les avantages et dangers de se d\u00e9finir \u00e0 travers les apparences. En voici quelques exemples.<\/p>\t\t\t\t\t\t\t\t<\/div>\n\t\t\t\t\t<\/div>\n\t\t<\/div>\n\t\t\t\t\t<\/div>\n\t\t<\/section>\n\t\t\t\t<section class=\"has_eae_slider elementor-section elementor-top-section elementor-element elementor-element-0084269 elementor-section-full_width elementor-section-height-default elementor-section-height-default\" data-eae-slider=\"70873\" data-id=\"0084269\" data-element_type=\"section\" data-e-type=\"section\">\n\t\t\t\t\t\t<div class=\"elementor-container elementor-column-gap-default\">\n\t\t\t\t\t<div class=\"has_eae_slider elementor-column elementor-col-50 elementor-top-column elementor-element elementor-element-a89843a\" data-eae-slider=\"25608\" data-id=\"a89843a\" data-element_type=\"column\" data-e-type=\"column\">\n\t\t\t<div class=\"elementor-widget-wrap elementor-element-populated\">\n\t\t\t\t\t\t<div class=\"elementor-element elementor-element-51d0dfb elementor-widget elementor-widget-image\" data-id=\"51d0dfb\" data-element_type=\"widget\" data-e-type=\"widget\" data-widget_type=\"image.default\">\n\t\t\t\t\t\t\t\t\t\t\t\t\t\t\t<img fetchpriority=\"high\" decoding=\"async\" width=\"577\" height=\"1024\" src=\"https:\/\/www.lyceeclaudegellee.fr\/wp-content\/uploads\/2023\/05\/2nde-poster-of-ourselves-1-577x1024.jpg\" class=\"attachment-large size-large wp-image-8513\" alt=\"\" srcset=\"https:\/\/www.lyceeclaudegellee.fr\/wp-content\/uploads\/2023\/05\/2nde-poster-of-ourselves-1-577x1024.jpg 577w, https:\/\/www.lyceeclaudegellee.fr\/wp-content\/uploads\/2023\/05\/2nde-poster-of-ourselves-1-169x300.jpg 169w, https:\/\/www.lyceeclaudegellee.fr\/wp-content\/uploads\/2023\/05\/2nde-poster-of-ourselves-1-768x1363.jpg 768w, https:\/\/www.lyceeclaudegellee.fr\/wp-content\/uploads\/2023\/05\/2nde-poster-of-ourselves-1-865x1536.jpg 865w, https:\/\/www.lyceeclaudegellee.fr\/wp-content\/uploads\/2023\/05\/2nde-poster-of-ourselves-1-1154x2048.jpg 1154w, https:\/\/www.lyceeclaudegellee.fr\/wp-content\/uploads\/2023\/05\/2nde-poster-of-ourselves-1.jpg 1244w\" sizes=\"(max-width: 577px) 100vw, 577px\" \/>\t\t\t\t\t\t\t\t\t\t\t\t\t\t\t<\/div>\n\t\t\t\t\t<\/div>\n\t\t<\/div>\n\t\t\t\t<div class=\"has_eae_slider elementor-column elementor-col-50 elementor-top-column elementor-element elementor-element-56afa1e\" data-eae-slider=\"33570\" data-id=\"56afa1e\" data-element_type=\"column\" data-e-type=\"column\">\n\t\t\t<div class=\"elementor-widget-wrap elementor-element-populated\">\n\t\t\t\t\t\t<div class=\"elementor-element elementor-element-cd16e3e elementor-widget elementor-widget-image\" data-id=\"cd16e3e\" data-element_type=\"widget\" data-e-type=\"widget\" data-widget_type=\"image.default\">\n\t\t\t\t\t\t\t\t\t\t\t\t\t\t\t<img decoding=\"async\" width=\"724\" height=\"1024\" src=\"https:\/\/www.lyceeclaudegellee.fr\/wp-content\/uploads\/2023\/05\/2nde-poster-of-ourselves-2-724x1024.png\" class=\"attachment-large size-large wp-image-8514\" alt=\"\" srcset=\"https:\/\/www.lyceeclaudegellee.fr\/wp-content\/uploads\/2023\/05\/2nde-poster-of-ourselves-2-724x1024.png 724w, https:\/\/www.lyceeclaudegellee.fr\/wp-content\/uploads\/2023\/05\/2nde-poster-of-ourselves-2-212x300.png 212w, https:\/\/www.lyceeclaudegellee.fr\/wp-content\/uploads\/2023\/05\/2nde-poster-of-ourselves-2-768x1086.png 768w, https:\/\/www.lyceeclaudegellee.fr\/wp-content\/uploads\/2023\/05\/2nde-poster-of-ourselves-2-1086x1536.png 1086w, https:\/\/www.lyceeclaudegellee.fr\/wp-content\/uploads\/2023\/05\/2nde-poster-of-ourselves-2-1448x2048.png 1448w, https:\/\/www.lyceeclaudegellee.fr\/wp-content\/uploads\/2023\/05\/2nde-poster-of-ourselves-2.png 1587w\" sizes=\"(max-width: 724px) 100vw, 724px\" \/>\t\t\t\t\t\t\t\t\t\t\t\t\t\t\t<\/div>\n\t\t\t\t\t<\/div>\n\t\t<\/div>\n\t\t\t\t\t<\/div>\n\t\t<\/section>\n\t\t\t\t<section class=\"has_eae_slider elementor-section elementor-top-section elementor-element elementor-element-3bab407 elementor-section-full_width elementor-section-height-default elementor-section-height-default\" data-eae-slider=\"10176\" data-id=\"3bab407\" data-element_type=\"section\" data-e-type=\"section\">\n\t\t\t\t\t\t<div class=\"elementor-container elementor-column-gap-default\">\n\t\t\t\t\t<div class=\"has_eae_slider elementor-column elementor-col-50 elementor-top-column elementor-element elementor-element-16bff11\" data-eae-slider=\"38888\" data-id=\"16bff11\" data-element_type=\"column\" data-e-type=\"column\">\n\t\t\t<div class=\"elementor-widget-wrap elementor-element-populated\">\n\t\t\t\t\t\t<div class=\"elementor-element elementor-element-3355bc3 elementor-widget elementor-widget-image\" data-id=\"3355bc3\" data-element_type=\"widget\" data-e-type=\"widget\" data-widget_type=\"image.default\">\n\t\t\t\t\t\t\t\t\t\t\t\t\t\t\t<img decoding=\"async\" width=\"642\" height=\"522\" src=\"https:\/\/www.lyceeclaudegellee.fr\/wp-content\/uploads\/2023\/05\/2nde-poster-of-ourselves-3.png\" class=\"attachment-large size-large wp-image-8515\" alt=\"\" srcset=\"https:\/\/www.lyceeclaudegellee.fr\/wp-content\/uploads\/2023\/05\/2nde-poster-of-ourselves-3.png 642w, https:\/\/www.lyceeclaudegellee.fr\/wp-content\/uploads\/2023\/05\/2nde-poster-of-ourselves-3-300x244.png 300w\" sizes=\"(max-width: 642px) 100vw, 642px\" \/>\t\t\t\t\t\t\t\t\t\t\t\t\t\t\t<\/div>\n\t\t\t\t\t<\/div>\n\t\t<\/div>\n\t\t\t\t<div class=\"has_eae_slider elementor-column elementor-col-50 elementor-top-column elementor-element elementor-element-cba429d\" data-eae-slider=\"64633\" data-id=\"cba429d\" data-element_type=\"column\" data-e-type=\"column\">\n\t\t\t<div class=\"elementor-widget-wrap elementor-element-populated\">\n\t\t\t\t\t\t<div class=\"elementor-element elementor-element-184febc elementor-widget elementor-widget-image\" data-id=\"184febc\" data-element_type=\"widget\" data-e-type=\"widget\" data-widget_type=\"image.default\">\n\t\t\t\t\t\t\t\t\t\t\t\t\t\t\t<img decoding=\"async\" src=\"https:\/\/www.lyceeclaudegellee.fr\/wp-content\/uploads\/2023\/05\/2nde-poster-of-ourselves-4.png\" title=\"\" alt=\"\" loading=\"lazy\" \/>\t\t\t\t\t\t\t\t\t\t\t\t\t\t\t<\/div>\n\t\t\t\t\t<\/div>\n\t\t<\/div>\n\t\t\t\t\t<\/div>\n\t\t<\/section>\n\t\t\t\t<\/div>\n\t\t","protected":false},"excerpt":{"rendered":"<p>\u00a0 \u00a0 \u00a0 Will you look at me ? Comment se repr\u00e9senter soi, comment accepter le regard d&rsquo;autrui sur soi ? Dans un monde o\u00f9 le rapport aux images est exacerb\u00e9, des \u00e9l\u00e8ves de seconde du lyc\u00e9e Claude Gell\u00e9e se sont pench\u00e9s sur la question de la repr\u00e9sentation de soi et du rapport \u00e0 autrui, [&hellip;]<\/p>\n","protected":false},"author":1,"featured_media":0,"parent":0,"menu_order":0,"comment_status":"closed","ping_status":"closed","template":"","meta":{"ocean_post_layout":"","ocean_both_sidebars_style":"","ocean_both_sidebars_content_width":0,"ocean_both_sidebars_sidebars_width":0,"ocean_sidebar":"0","ocean_second_sidebar":"0","ocean_disable_margins":"enable","ocean_add_body_class":"","ocean_shortcode_before_top_bar":"","ocean_shortcode_after_top_bar":"","ocean_shortcode_before_header":"","ocean_shortcode_after_header":"","ocean_has_shortcode":"","ocean_shortcode_after_title":"","ocean_shortcode_before_footer_widgets":"","ocean_shortcode_after_footer_widgets":"","ocean_shortcode_before_footer_bottom":"","ocean_shortcode_after_footer_bottom":"","ocean_display_top_bar":"default","ocean_display_header":"default","ocean_header_style":"","ocean_center_header_left_menu":"0","ocean_custom_header_template":"0","ocean_custom_logo":0,"ocean_custom_retina_logo":0,"ocean_custom_logo_max_width":0,"ocean_custom_logo_tablet_max_width":0,"ocean_custom_logo_mobile_max_width":0,"ocean_custom_logo_max_height":0,"ocean_custom_logo_tablet_max_height":0,"ocean_custom_logo_mobile_max_height":0,"ocean_header_custom_menu":"0","ocean_menu_typo_font_family":"0","ocean_menu_typo_font_subset":"","ocean_menu_typo_font_size":0,"ocean_menu_typo_font_size_tablet":0,"ocean_menu_typo_font_size_mobile":0,"ocean_menu_typo_font_size_unit":"px","ocean_menu_typo_font_weight":"","ocean_menu_typo_font_weight_tablet":"","ocean_menu_typo_font_weight_mobile":"","ocean_menu_typo_transform":"","ocean_menu_typo_transform_tablet":"","ocean_menu_typo_transform_mobile":"","ocean_menu_typo_line_height":0,"ocean_menu_typo_line_height_tablet":0,"ocean_menu_typo_line_height_mobile":0,"ocean_menu_typo_line_height_unit":"","ocean_menu_typo_spacing":0,"ocean_menu_typo_spacing_tablet":0,"ocean_menu_typo_spacing_mobile":0,"ocean_menu_typo_spacing_unit":"","ocean_menu_link_color":"","ocean_menu_link_color_hover":"","ocean_menu_link_color_active":"","ocean_menu_link_background":"","ocean_menu_link_hover_background":"","ocean_menu_link_active_background":"","ocean_menu_social_links_bg":"","ocean_menu_social_hover_links_bg":"","ocean_menu_social_links_color":"","ocean_menu_social_hover_links_color":"","ocean_disable_title":"on","ocean_disable_heading":"default","ocean_post_title":"","ocean_post_subheading":"","ocean_post_title_style":"","ocean_post_title_background_color":"","ocean_post_title_background":0,"ocean_post_title_bg_image_position":"","ocean_post_title_bg_image_attachment":"","ocean_post_title_bg_image_repeat":"","ocean_post_title_bg_image_size":"","ocean_post_title_height":0,"ocean_post_title_bg_overlay":0.5,"ocean_post_title_bg_overlay_color":"","ocean_disable_breadcrumbs":"default","ocean_breadcrumbs_color":"","ocean_breadcrumbs_separator_color":"","ocean_breadcrumbs_links_color":"","ocean_breadcrumbs_links_hover_color":"","ocean_display_footer_widgets":"default","ocean_display_footer_bottom":"default","ocean_custom_footer_template":"0","_themeisle_gutenberg_block_has_review":false,"footnotes":""},"class_list":["post-8507","page","type-page","status-publish","hentry","entry"],"_links":{"self":[{"href":"https:\/\/www.lyceeclaudegellee.fr\/index.php?rest_route=\/wp\/v2\/pages\/8507","targetHints":{"allow":["GET"]}}],"collection":[{"href":"https:\/\/www.lyceeclaudegellee.fr\/index.php?rest_route=\/wp\/v2\/pages"}],"about":[{"href":"https:\/\/www.lyceeclaudegellee.fr\/index.php?rest_route=\/wp\/v2\/types\/page"}],"author":[{"embeddable":true,"href":"https:\/\/www.lyceeclaudegellee.fr\/index.php?rest_route=\/wp\/v2\/users\/1"}],"replies":[{"embeddable":true,"href":"https:\/\/www.lyceeclaudegellee.fr\/index.php?rest_route=%2Fwp%2Fv2%2Fcomments&post=8507"}],"version-history":[{"count":15,"href":"https:\/\/www.lyceeclaudegellee.fr\/index.php?rest_route=\/wp\/v2\/pages\/8507\/revisions"}],"predecessor-version":[{"id":8792,"href":"https:\/\/www.lyceeclaudegellee.fr\/index.php?rest_route=\/wp\/v2\/pages\/8507\/revisions\/8792"}],"wp:attachment":[{"href":"https:\/\/www.lyceeclaudegellee.fr\/index.php?rest_route=%2Fwp%2Fv2%2Fmedia&parent=8507"}],"curies":[{"name":"wp","href":"https:\/\/api.w.org\/{rel}","templated":true}]}}