{"id":6786,"date":"2022-11-14T15:17:30","date_gmt":"2022-11-14T14:17:30","guid":{"rendered":"https:\/\/www.lyceeclaudegellee.fr\/?page_id=6786"},"modified":"2023-11-06T16:32:44","modified_gmt":"2023-11-06T15:32:44","slug":"rallye-citoyen","status":"publish","type":"page","link":"https:\/\/www.lyceeclaudegellee.fr\/?page_id=6786","title":{"rendered":"Rallye citoyen"},"content":{"rendered":"\t\t<div data-elementor-type=\"wp-page\" data-elementor-id=\"6786\" class=\"elementor elementor-6786\">\n\t\t\t\t\t\t<section class=\"has_eae_slider elementor-section elementor-top-section elementor-element elementor-element-91e7570 elementor-section-stretched elementor-section-boxed elementor-section-height-default elementor-section-height-default\" data-eae-slider=\"27351\" data-id=\"91e7570\" data-element_type=\"section\" data-e-type=\"section\" data-settings=\"{&quot;stretch_section&quot;:&quot;section-stretched&quot;,&quot;background_background&quot;:&quot;gradient&quot;}\">\n\t\t\t\t\t\t<div class=\"elementor-container elementor-column-gap-wide\">\n\t\t\t\t\t<div class=\"has_eae_slider elementor-column elementor-col-100 elementor-top-column elementor-element elementor-element-20fb3c6\" data-eae-slider=\"94817\" data-id=\"20fb3c6\" data-element_type=\"column\" data-e-type=\"column\">\n\t\t\t<div class=\"elementor-widget-wrap elementor-element-populated\">\n\t\t\t\t\t\t<div class=\"elementor-element elementor-element-68aa1db elementor-widget elementor-widget-text-editor\" data-id=\"68aa1db\" data-element_type=\"widget\" data-e-type=\"widget\" data-widget_type=\"text-editor.default\">\n\t\t\t\t\t\t\t\t\t<p>\u00a0<\/p><p>\u00a0<\/p><p>\u00a0<\/p>\t\t\t\t\t\t\t\t<\/div>\n\t\t\t\t\t<\/div>\n\t\t<\/div>\n\t\t\t\t\t<\/div>\n\t\t<\/section>\n\t\t\t\t<section class=\"has_eae_slider elementor-section elementor-top-section elementor-element elementor-element-40116bb elementor-section-full_width elementor-section-height-default elementor-section-height-default\" data-eae-slider=\"32084\" data-id=\"40116bb\" data-element_type=\"section\" data-e-type=\"section\">\n\t\t\t\t\t\t<div class=\"elementor-container elementor-column-gap-default\">\n\t\t\t\t\t<div class=\"has_eae_slider elementor-column elementor-col-100 elementor-top-column elementor-element elementor-element-affdd06\" data-eae-slider=\"96529\" data-id=\"affdd06\" data-element_type=\"column\" data-e-type=\"column\">\n\t\t\t<div class=\"elementor-widget-wrap elementor-element-populated\">\n\t\t\t\t\t\t<div class=\"elementor-element elementor-element-37ab9ed elementor-widget elementor-widget-heading\" data-id=\"37ab9ed\" data-element_type=\"widget\" data-e-type=\"widget\" data-widget_type=\"heading.default\">\n\t\t\t\t\t<h2 class=\"elementor-heading-title elementor-size-default\">Rallye Citoyen<br><br><\/h2>\t\t\t\t<\/div>\n\t\t\t\t\t<\/div>\n\t\t<\/div>\n\t\t\t\t\t<\/div>\n\t\t<\/section>\n\t\t\t\t<section class=\"has_eae_slider elementor-section elementor-top-section elementor-element elementor-element-9d44d4e elementor-section-full_width elementor-section-height-default elementor-section-height-default\" data-eae-slider=\"24480\" data-id=\"9d44d4e\" data-element_type=\"section\" data-e-type=\"section\">\n\t\t\t\t\t\t<div class=\"elementor-container elementor-column-gap-default\">\n\t\t\t\t\t<div class=\"has_eae_slider elementor-column elementor-col-50 elementor-top-column elementor-element elementor-element-c81336b\" data-eae-slider=\"13798\" data-id=\"c81336b\" data-element_type=\"column\" data-e-type=\"column\">\n\t\t\t<div class=\"elementor-widget-wrap elementor-element-populated\">\n\t\t\t\t\t\t<div class=\"elementor-element elementor-element-efc61b4 elementor-widget elementor-widget-image\" data-id=\"efc61b4\" data-element_type=\"widget\" data-e-type=\"widget\" data-widget_type=\"image.default\">\n\t\t\t\t\t\t\t\t\t\t\t\t\t\t\t<img fetchpriority=\"high\" decoding=\"async\" width=\"794\" height=\"596\" src=\"https:\/\/www.lyceeclaudegellee.fr\/wp-content\/uploads\/2023\/11\/01-1.jpg\" class=\"attachment-large size-large wp-image-9148\" alt=\"\" srcset=\"https:\/\/www.lyceeclaudegellee.fr\/wp-content\/uploads\/2023\/11\/01-1.jpg 794w, https:\/\/www.lyceeclaudegellee.fr\/wp-content\/uploads\/2023\/11\/01-1-300x225.jpg 300w, https:\/\/www.lyceeclaudegellee.fr\/wp-content\/uploads\/2023\/11\/01-1-768x576.jpg 768w\" sizes=\"(max-width: 794px) 100vw, 794px\" \/>\t\t\t\t\t\t\t\t\t\t\t\t\t\t\t<\/div>\n\t\t\t\t\t<\/div>\n\t\t<\/div>\n\t\t\t\t<div class=\"has_eae_slider elementor-column elementor-col-50 elementor-top-column elementor-element elementor-element-17cd6ae\" data-eae-slider=\"67347\" data-id=\"17cd6ae\" data-element_type=\"column\" data-e-type=\"column\">\n\t\t\t<div class=\"elementor-widget-wrap elementor-element-populated\">\n\t\t\t\t\t\t<div class=\"elementor-element elementor-element-8202e81 elementor-widget elementor-widget-text-editor\" data-id=\"8202e81\" data-element_type=\"widget\" data-e-type=\"widget\" data-widget_type=\"text-editor.default\">\n\t\t\t\t\t\t\t\t\t<p class=\"MsoNormal\"><span style=\"font-family:&quot;Comic Sans MS&quot;\">Depuis quelques\nann\u00e9es maintenant, dans le cadre de la liaison \u00c9ducation nationale-D\u00e9fense, le\nlyc\u00e9e participe \u00e0 la journ\u00e9e nationale du r\u00e9serviste au sein du 1<sup>er<\/sup>\nR\u00e9giment de Tirailleurs d\u2019\u00c9pinal. Au programme de cette journ\u00e9e, qui s\u2019est\nd\u00e9roul\u00e9e cette ann\u00e9e le jeudi 12 octobre, d\u00e9couverte du R\u00e9giment et des m\u00e9tiers\nde la D\u00e9fense aupr\u00e8s de jeunes (ou moins jeunes) r\u00e9servistes, information sur\nla citoyennet\u00e9 et les Institutions fran\u00e7aises, d\u00e9veloppement de l\u2019esprit de\ngroupe et de coh\u00e9sion, \u00e0 travers des parcours sportifs notamment en\n\u00ab&nbsp;affrontant&nbsp;\u00bb les autres \u00e9tablissements scolaires venus de tout le\nd\u00e9partement.<o:p><\/o:p><\/span><\/p><p>\n\n<\/p><p class=\"MsoNormal\"><span style=\"font-family:&quot;Comic Sans MS&quot;\">Tr\u00e8s motiv\u00e9s et\ninvestis, nos 20 \u00e9l\u00e8ves volontaires de secondes ont pass\u00e9 une tr\u00e8s bonne\njourn\u00e9e et se sont beaucoup investis. S\u2019ils ne sont pas revenus vainqueurs\ncette ann\u00e9e, ils ont n\u00e9anmoins d\u00e9fendus vaillamment les couleurs du lyc\u00e9e. Ils\n\u00e9taient accompagn\u00e9s par Mme Groscolas-Lotz et Mr Denet.<o:p><\/o:p><\/span><\/p>\t\t\t\t\t\t\t\t<\/div>\n\t\t\t\t\t<\/div>\n\t\t<\/div>\n\t\t\t\t\t<\/div>\n\t\t<\/section>\n\t\t\t\t<section class=\"has_eae_slider elementor-section elementor-top-section elementor-element elementor-element-9b01f27 elementor-section-full_width elementor-section-height-default elementor-section-height-default\" data-eae-slider=\"46846\" data-id=\"9b01f27\" data-element_type=\"section\" data-e-type=\"section\">\n\t\t\t\t\t\t<div class=\"elementor-container elementor-column-gap-default\">\n\t\t\t\t\t<div class=\"has_eae_slider elementor-column elementor-col-100 elementor-top-column elementor-element elementor-element-9090ab8\" data-eae-slider=\"79039\" data-id=\"9090ab8\" data-element_type=\"column\" data-e-type=\"column\">\n\t\t\t<div class=\"elementor-widget-wrap elementor-element-populated\">\n\t\t\t\t\t\t<div class=\"elementor-element elementor-element-9ff9588 elementor-widget elementor-widget-image\" data-id=\"9ff9588\" data-element_type=\"widget\" data-e-type=\"widget\" data-widget_type=\"image.default\">\n\t\t\t\t\t\t\t\t\t\t\t\t\t\t\t<img decoding=\"async\" src=\"https:\/\/www.lyceeclaudegellee.fr\/wp-content\/uploads\/2022\/11\/Rallye3.jpg\" title=\"\" alt=\"\" loading=\"lazy\" \/>\t\t\t\t\t\t\t\t\t\t\t\t\t\t\t<\/div>\n\t\t\t\t\t<\/div>\n\t\t<\/div>\n\t\t\t\t\t<\/div>\n\t\t<\/section>\n\t\t\t\t<\/div>\n\t\t","protected":false},"excerpt":{"rendered":"<p>\u00a0 \u00a0 \u00a0 Rallye Citoyen Depuis quelques ann\u00e9es maintenant, dans le cadre de la liaison \u00c9ducation nationale-D\u00e9fense, le lyc\u00e9e participe \u00e0 la journ\u00e9e nationale du r\u00e9serviste au sein du 1er R\u00e9giment de Tirailleurs d\u2019\u00c9pinal. Au programme de cette journ\u00e9e, qui s\u2019est d\u00e9roul\u00e9e cette ann\u00e9e le jeudi 12 octobre, d\u00e9couverte du R\u00e9giment et des m\u00e9tiers de [&hellip;]<\/p>\n","protected":false},"author":1,"featured_media":0,"parent":0,"menu_order":0,"comment_status":"closed","ping_status":"closed","template":"","meta":{"ocean_post_layout":"","ocean_both_sidebars_style":"","ocean_both_sidebars_content_width":0,"ocean_both_sidebars_sidebars_width":0,"ocean_sidebar":"0","ocean_second_sidebar":"0","ocean_disable_margins":"enable","ocean_add_body_class":"","ocean_shortcode_before_top_bar":"","ocean_shortcode_after_top_bar":"","ocean_shortcode_before_header":"","ocean_shortcode_after_header":"","ocean_has_shortcode":"","ocean_shortcode_after_title":"","ocean_shortcode_before_footer_widgets":"","ocean_shortcode_after_footer_widgets":"","ocean_shortcode_before_footer_bottom":"","ocean_shortcode_after_footer_bottom":"","ocean_display_top_bar":"default","ocean_display_header":"default","ocean_header_style":"","ocean_center_header_left_menu":"0","ocean_custom_header_template":"0","ocean_custom_logo":0,"ocean_custom_retina_logo":0,"ocean_custom_logo_max_width":0,"ocean_custom_logo_tablet_max_width":0,"ocean_custom_logo_mobile_max_width":0,"ocean_custom_logo_max_height":0,"ocean_custom_logo_tablet_max_height":0,"ocean_custom_logo_mobile_max_height":0,"ocean_header_custom_menu":"0","ocean_menu_typo_font_family":"0","ocean_menu_typo_font_subset":"","ocean_menu_typo_font_size":0,"ocean_menu_typo_font_size_tablet":0,"ocean_menu_typo_font_size_mobile":0,"ocean_menu_typo_font_size_unit":"px","ocean_menu_typo_font_weight":"","ocean_menu_typo_font_weight_tablet":"","ocean_menu_typo_font_weight_mobile":"","ocean_menu_typo_transform":"","ocean_menu_typo_transform_tablet":"","ocean_menu_typo_transform_mobile":"","ocean_menu_typo_line_height":0,"ocean_menu_typo_line_height_tablet":0,"ocean_menu_typo_line_height_mobile":0,"ocean_menu_typo_line_height_unit":"","ocean_menu_typo_spacing":0,"ocean_menu_typo_spacing_tablet":0,"ocean_menu_typo_spacing_mobile":0,"ocean_menu_typo_spacing_unit":"","ocean_menu_link_color":"","ocean_menu_link_color_hover":"","ocean_menu_link_color_active":"","ocean_menu_link_background":"","ocean_menu_link_hover_background":"","ocean_menu_link_active_background":"","ocean_menu_social_links_bg":"","ocean_menu_social_hover_links_bg":"","ocean_menu_social_links_color":"","ocean_menu_social_hover_links_color":"","ocean_disable_title":"on","ocean_disable_heading":"default","ocean_post_title":"","ocean_post_subheading":"","ocean_post_title_style":"","ocean_post_title_background_color":"","ocean_post_title_background":0,"ocean_post_title_bg_image_position":"","ocean_post_title_bg_image_attachment":"","ocean_post_title_bg_image_repeat":"","ocean_post_title_bg_image_size":"","ocean_post_title_height":0,"ocean_post_title_bg_overlay":0.5,"ocean_post_title_bg_overlay_color":"","ocean_disable_breadcrumbs":"default","ocean_breadcrumbs_color":"","ocean_breadcrumbs_separator_color":"","ocean_breadcrumbs_links_color":"","ocean_breadcrumbs_links_hover_color":"","ocean_display_footer_widgets":"default","ocean_display_footer_bottom":"default","ocean_custom_footer_template":"0","_themeisle_gutenberg_block_has_review":false,"footnotes":""},"class_list":["post-6786","page","type-page","status-publish","hentry","entry"],"_links":{"self":[{"href":"https:\/\/www.lyceeclaudegellee.fr\/index.php?rest_route=\/wp\/v2\/pages\/6786","targetHints":{"allow":["GET"]}}],"collection":[{"href":"https:\/\/www.lyceeclaudegellee.fr\/index.php?rest_route=\/wp\/v2\/pages"}],"about":[{"href":"https:\/\/www.lyceeclaudegellee.fr\/index.php?rest_route=\/wp\/v2\/types\/page"}],"author":[{"embeddable":true,"href":"https:\/\/www.lyceeclaudegellee.fr\/index.php?rest_route=\/wp\/v2\/users\/1"}],"replies":[{"embeddable":true,"href":"https:\/\/www.lyceeclaudegellee.fr\/index.php?rest_route=%2Fwp%2Fv2%2Fcomments&post=6786"}],"version-history":[{"count":13,"href":"https:\/\/www.lyceeclaudegellee.fr\/index.php?rest_route=\/wp\/v2\/pages\/6786\/revisions"}],"predecessor-version":[{"id":9151,"href":"https:\/\/www.lyceeclaudegellee.fr\/index.php?rest_route=\/wp\/v2\/pages\/6786\/revisions\/9151"}],"wp:attachment":[{"href":"https:\/\/www.lyceeclaudegellee.fr\/index.php?rest_route=%2Fwp%2Fv2%2Fmedia&parent=6786"}],"curies":[{"name":"wp","href":"https:\/\/api.w.org\/{rel}","templated":true}]}}