{"id":4219,"date":"2022-01-27T16:42:02","date_gmt":"2022-01-27T15:42:02","guid":{"rendered":"http:\/\/giphojo.cluster028.hosting.ovh.net\/?page_id=4219"},"modified":"2025-02-24T14:33:27","modified_gmt":"2025-02-24T13:33:27","slug":"la-specialite-sciences-economiques-et-sociales-ses","status":"publish","type":"page","link":"https:\/\/www.lyceeclaudegellee.fr\/?page_id=4219","title":{"rendered":"La sp\u00e9cialit\u00e9 Sciences Economiques et Sociales (SES)"},"content":{"rendered":"\t\t<div data-elementor-type=\"wp-page\" data-elementor-id=\"4219\" class=\"elementor elementor-4219\">\n\t\t\t\t\t\t<section class=\"has_eae_slider elementor-section elementor-top-section elementor-element elementor-element-dc525bd elementor-section-stretched elementor-section-boxed elementor-section-height-default elementor-section-height-default\" data-eae-slider=\"80657\" data-id=\"dc525bd\" data-element_type=\"section\" data-e-type=\"section\" data-settings=\"{&quot;stretch_section&quot;:&quot;section-stretched&quot;,&quot;background_background&quot;:&quot;gradient&quot;}\">\n\t\t\t\t\t\t<div class=\"elementor-container elementor-column-gap-wide\">\n\t\t\t\t\t<div class=\"has_eae_slider elementor-column elementor-col-100 elementor-top-column elementor-element elementor-element-a3d0d60\" data-eae-slider=\"37465\" data-id=\"a3d0d60\" data-element_type=\"column\" data-e-type=\"column\">\n\t\t\t<div class=\"elementor-widget-wrap elementor-element-populated\">\n\t\t\t\t\t\t<div class=\"elementor-element elementor-element-ac67fda elementor-widget elementor-widget-text-editor\" data-id=\"ac67fda\" data-element_type=\"widget\" data-e-type=\"widget\" data-widget_type=\"text-editor.default\">\n\t\t\t\t\t\t\t\t\t<p>\u00a0<\/p><p>\u00a0<\/p><p>\u00a0<\/p>\t\t\t\t\t\t\t\t<\/div>\n\t\t\t\t\t<\/div>\n\t\t<\/div>\n\t\t\t\t\t<\/div>\n\t\t<\/section>\n\t\t\t\t<section class=\"has_eae_slider elementor-section elementor-top-section elementor-element elementor-element-34ded37 elementor-section-full_width elementor-section-height-default elementor-section-height-default\" data-eae-slider=\"30415\" data-id=\"34ded37\" data-element_type=\"section\" data-e-type=\"section\">\n\t\t\t\t\t\t<div class=\"elementor-container elementor-column-gap-default\">\n\t\t\t\t\t<div class=\"has_eae_slider elementor-column elementor-col-100 elementor-top-column elementor-element elementor-element-5a2ef55\" data-eae-slider=\"9637\" data-id=\"5a2ef55\" data-element_type=\"column\" data-e-type=\"column\">\n\t\t\t<div class=\"elementor-widget-wrap elementor-element-populated\">\n\t\t\t\t\t\t<div class=\"elementor-element elementor-element-c51f8b5 elementor-widget elementor-widget-heading\" data-id=\"c51f8b5\" data-element_type=\"widget\" data-e-type=\"widget\" data-widget_type=\"heading.default\">\n\t\t\t\t\t<h2 class=\"elementor-heading-title elementor-size-default\">La sp\u00e9cialit\u00e9 Sciences Economiques et Sociales (SES)<\/h2>\t\t\t\t<\/div>\n\t\t\t\t\t<\/div>\n\t\t<\/div>\n\t\t\t\t\t<\/div>\n\t\t<\/section>\n\t\t\t\t<section class=\"has_eae_slider elementor-section elementor-top-section elementor-element elementor-element-1151b53 elementor-section-full_width elementor-section-height-default elementor-section-height-default\" data-eae-slider=\"46069\" data-id=\"1151b53\" data-element_type=\"section\" data-e-type=\"section\">\n\t\t\t\t\t\t<div class=\"elementor-container elementor-column-gap-default\">\n\t\t\t\t\t<div class=\"has_eae_slider elementor-column elementor-col-100 elementor-top-column elementor-element elementor-element-894719a\" data-eae-slider=\"91652\" data-id=\"894719a\" data-element_type=\"column\" data-e-type=\"column\">\n\t\t\t<div class=\"elementor-widget-wrap elementor-element-populated\">\n\t\t\t\t\t\t<div class=\"elementor-element elementor-element-aab5d86 elementor-widget elementor-widget-text-editor\" data-id=\"aab5d86\" data-element_type=\"widget\" data-e-type=\"widget\" data-widget_type=\"text-editor.default\">\n\t\t\t\t\t\t\t\t\t<p align=\"justify\"><span style=\"font-family: Arial Narrow, serif;\">Les Sciences \u00c9conomiques et Sociales (S.E.S.) offrent, d\u00e8s le cadre des enseignements communs de seconde, la possibilit\u00e9 d\u2019enrichir un parcours \u00e9ducatif permettant connaissance et compr\u00e9hension des grands enjeux \u00e9conomiques, sociaux et politiques, une v\u00e9ritable fen\u00eatre ouverte sur un monde complexe et en mouvement. La sp\u00e9cialit\u00e9 S.E.S. permet d\u2019\u00e9largir et d\u2019approfondir l\u2019analyse en \u00e9conomie, en sociologie et en sciences politiques. La ma\u00eetrise des probl\u00e9matiques contemporaines (mondialisation, emploi, in\u00e9galit\u00e9s, environnement\u2026) se combine alors \u00e0 l\u2019\u00e9ducation \u00e0 la citoyennet\u00e9 et la construction d\u2019un projet d\u2019orientation. A cet \u00e9gard, faire des S.E.S l\u2019une de ses deux sp\u00e9cialit\u00e9s en Terminale servira de fondation \u00e0 un projet de poursuite d\u2019\u00e9tudes sup\u00e9rieures offrant le plus large horizon en termes de d\u00e9bouch\u00e9s professionnels et r\u00e9pondant \u00e0 tous les niveaux d\u2019insertion, jusqu\u2019aux plus exigeants, en sciences politiques ou grandes \u00e9coles de commerce par exemple.<\/span><\/p>\t\t\t\t\t\t\t\t<\/div>\n\t\t\t\t\t<\/div>\n\t\t<\/div>\n\t\t\t\t\t<\/div>\n\t\t<\/section>\n\t\t<div class=\"has_eae_slider elementor-element elementor-element-7276251 e-con-full e-flex e-con e-parent\" data-eae-slider=\"18294\" data-id=\"7276251\" data-element_type=\"container\" data-e-type=\"container\">\n\t\t\t\t<div class=\"elementor-element elementor-element-bac29b3 elementor-widget elementor-widget-image\" data-id=\"bac29b3\" data-element_type=\"widget\" data-e-type=\"widget\" data-widget_type=\"image.default\">\n\t\t\t\t\t\t\t\t\t\t\t\t\t\t\t<img fetchpriority=\"high\" decoding=\"async\" width=\"1280\" height=\"720\" src=\"https:\/\/www.lyceeclaudegellee.fr\/wp-content\/uploads\/2025\/02\/1.-specialite-SES-P4.jpg\" class=\"attachment-1536x1536 size-1536x1536 wp-image-10685\" alt=\"\" srcset=\"https:\/\/www.lyceeclaudegellee.fr\/wp-content\/uploads\/2025\/02\/1.-specialite-SES-P4.jpg 1280w, https:\/\/www.lyceeclaudegellee.fr\/wp-content\/uploads\/2025\/02\/1.-specialite-SES-P4-300x169.jpg 300w, https:\/\/www.lyceeclaudegellee.fr\/wp-content\/uploads\/2025\/02\/1.-specialite-SES-P4-1024x576.jpg 1024w, https:\/\/www.lyceeclaudegellee.fr\/wp-content\/uploads\/2025\/02\/1.-specialite-SES-P4-768x432.jpg 768w, https:\/\/www.lyceeclaudegellee.fr\/wp-content\/uploads\/2025\/02\/1.-specialite-SES-P4-800x450.jpg 800w\" sizes=\"(max-width: 1280px) 100vw, 1280px\" \/>\t\t\t\t\t\t\t\t\t\t\t\t\t\t\t<\/div>\n\t\t\t\t<\/div>\n\t\t<div class=\"has_eae_slider elementor-element elementor-element-5fabec2 e-con-full e-flex e-con e-parent\" data-eae-slider=\"63752\" data-id=\"5fabec2\" data-element_type=\"container\" data-e-type=\"container\">\n\t\t\t\t<div class=\"elementor-element elementor-element-90b1e4c elementor-widget elementor-widget-image\" data-id=\"90b1e4c\" data-element_type=\"widget\" data-e-type=\"widget\" data-widget_type=\"image.default\">\n\t\t\t\t\t\t\t\t\t\t\t\t\t\t\t<img decoding=\"async\" width=\"1280\" height=\"720\" src=\"https:\/\/www.lyceeclaudegellee.fr\/wp-content\/uploads\/2025\/02\/2.-specialite-SES-P4.jpg\" class=\"attachment-1536x1536 size-1536x1536 wp-image-10686\" alt=\"\" srcset=\"https:\/\/www.lyceeclaudegellee.fr\/wp-content\/uploads\/2025\/02\/2.-specialite-SES-P4.jpg 1280w, https:\/\/www.lyceeclaudegellee.fr\/wp-content\/uploads\/2025\/02\/2.-specialite-SES-P4-300x169.jpg 300w, https:\/\/www.lyceeclaudegellee.fr\/wp-content\/uploads\/2025\/02\/2.-specialite-SES-P4-1024x576.jpg 1024w, https:\/\/www.lyceeclaudegellee.fr\/wp-content\/uploads\/2025\/02\/2.-specialite-SES-P4-768x432.jpg 768w, https:\/\/www.lyceeclaudegellee.fr\/wp-content\/uploads\/2025\/02\/2.-specialite-SES-P4-800x450.jpg 800w\" sizes=\"(max-width: 1280px) 100vw, 1280px\" \/>\t\t\t\t\t\t\t\t\t\t\t\t\t\t\t<\/div>\n\t\t\t\t<\/div>\n\t\t<div class=\"has_eae_slider elementor-element elementor-element-74a735e e-con-full e-flex e-con e-parent\" data-eae-slider=\"60648\" data-id=\"74a735e\" data-element_type=\"container\" data-e-type=\"container\">\n\t\t\t\t<div class=\"elementor-element elementor-element-6011356 elementor-widget elementor-widget-image\" data-id=\"6011356\" data-element_type=\"widget\" data-e-type=\"widget\" data-widget_type=\"image.default\">\n\t\t\t\t\t\t\t\t\t\t\t\t\t\t\t<img decoding=\"async\" width=\"1280\" height=\"720\" src=\"https:\/\/www.lyceeclaudegellee.fr\/wp-content\/uploads\/2025\/02\/3.-specialite-SES-P4.jpg\" class=\"attachment-1536x1536 size-1536x1536 wp-image-10687\" alt=\"\" srcset=\"https:\/\/www.lyceeclaudegellee.fr\/wp-content\/uploads\/2025\/02\/3.-specialite-SES-P4.jpg 1280w, https:\/\/www.lyceeclaudegellee.fr\/wp-content\/uploads\/2025\/02\/3.-specialite-SES-P4-300x169.jpg 300w, https:\/\/www.lyceeclaudegellee.fr\/wp-content\/uploads\/2025\/02\/3.-specialite-SES-P4-1024x576.jpg 1024w, https:\/\/www.lyceeclaudegellee.fr\/wp-content\/uploads\/2025\/02\/3.-specialite-SES-P4-768x432.jpg 768w, https:\/\/www.lyceeclaudegellee.fr\/wp-content\/uploads\/2025\/02\/3.-specialite-SES-P4-800x450.jpg 800w\" sizes=\"(max-width: 1280px) 100vw, 1280px\" \/>\t\t\t\t\t\t\t\t\t\t\t\t\t\t\t<\/div>\n\t\t\t\t<\/div>\n\t\t<div class=\"has_eae_slider elementor-element elementor-element-ffd7999 e-con-full e-flex e-con e-parent\" data-eae-slider=\"58318\" data-id=\"ffd7999\" data-element_type=\"container\" data-e-type=\"container\">\n\t\t\t\t<div class=\"elementor-element elementor-element-f8f32b8 elementor-widget elementor-widget-image\" data-id=\"f8f32b8\" data-element_type=\"widget\" data-e-type=\"widget\" data-widget_type=\"image.default\">\n\t\t\t\t\t\t\t\t\t\t\t\t\t\t\t<img loading=\"lazy\" decoding=\"async\" width=\"1280\" height=\"720\" src=\"https:\/\/www.lyceeclaudegellee.fr\/wp-content\/uploads\/2025\/02\/4.-specialite-SES-P4.jpg\" class=\"attachment-1536x1536 size-1536x1536 wp-image-10688\" alt=\"\" srcset=\"https:\/\/www.lyceeclaudegellee.fr\/wp-content\/uploads\/2025\/02\/4.-specialite-SES-P4.jpg 1280w, https:\/\/www.lyceeclaudegellee.fr\/wp-content\/uploads\/2025\/02\/4.-specialite-SES-P4-300x169.jpg 300w, https:\/\/www.lyceeclaudegellee.fr\/wp-content\/uploads\/2025\/02\/4.-specialite-SES-P4-1024x576.jpg 1024w, https:\/\/www.lyceeclaudegellee.fr\/wp-content\/uploads\/2025\/02\/4.-specialite-SES-P4-768x432.jpg 768w, https:\/\/www.lyceeclaudegellee.fr\/wp-content\/uploads\/2025\/02\/4.-specialite-SES-P4-800x450.jpg 800w\" sizes=\"(max-width: 1280px) 100vw, 1280px\" \/>\t\t\t\t\t\t\t\t\t\t\t\t\t\t\t<\/div>\n\t\t\t\t<\/div>\n\t\t<div class=\"has_eae_slider elementor-element elementor-element-f95ab6c e-con-full e-flex e-con e-parent\" data-eae-slider=\"81429\" data-id=\"f95ab6c\" data-element_type=\"container\" data-e-type=\"container\">\n\t\t\t\t<div class=\"elementor-element elementor-element-cd08863 elementor-widget elementor-widget-image\" data-id=\"cd08863\" data-element_type=\"widget\" data-e-type=\"widget\" data-widget_type=\"image.default\">\n\t\t\t\t\t\t\t\t\t\t\t\t\t\t\t<img loading=\"lazy\" decoding=\"async\" width=\"1280\" height=\"720\" src=\"https:\/\/www.lyceeclaudegellee.fr\/wp-content\/uploads\/2025\/02\/5.-specialite-SES-P4.jpg\" class=\"attachment-1536x1536 size-1536x1536 wp-image-10689\" alt=\"\" srcset=\"https:\/\/www.lyceeclaudegellee.fr\/wp-content\/uploads\/2025\/02\/5.-specialite-SES-P4.jpg 1280w, https:\/\/www.lyceeclaudegellee.fr\/wp-content\/uploads\/2025\/02\/5.-specialite-SES-P4-300x169.jpg 300w, https:\/\/www.lyceeclaudegellee.fr\/wp-content\/uploads\/2025\/02\/5.-specialite-SES-P4-1024x576.jpg 1024w, https:\/\/www.lyceeclaudegellee.fr\/wp-content\/uploads\/2025\/02\/5.-specialite-SES-P4-768x432.jpg 768w, https:\/\/www.lyceeclaudegellee.fr\/wp-content\/uploads\/2025\/02\/5.-specialite-SES-P4-800x450.jpg 800w\" sizes=\"(max-width: 1280px) 100vw, 1280px\" \/>\t\t\t\t\t\t\t\t\t\t\t\t\t\t\t<\/div>\n\t\t\t\t<\/div>\n\t\t\t\t<\/div>\n\t\t","protected":false},"excerpt":{"rendered":"<p>\u00a0 \u00a0 \u00a0 La sp\u00e9cialit\u00e9 Sciences Economiques et Sociales (SES) Les Sciences \u00c9conomiques et Sociales (S.E.S.) offrent, d\u00e8s le cadre des enseignements communs de seconde, la possibilit\u00e9 d\u2019enrichir un parcours \u00e9ducatif permettant connaissance et compr\u00e9hension des grands enjeux \u00e9conomiques, sociaux et politiques, une v\u00e9ritable fen\u00eatre ouverte sur un monde complexe et en mouvement. La sp\u00e9cialit\u00e9 [&hellip;]<\/p>\n","protected":false},"author":1,"featured_media":0,"parent":0,"menu_order":0,"comment_status":"closed","ping_status":"closed","template":"","meta":{"ocean_post_layout":"","ocean_both_sidebars_style":"","ocean_both_sidebars_content_width":0,"ocean_both_sidebars_sidebars_width":0,"ocean_sidebar":"0","ocean_second_sidebar":"0","ocean_disable_margins":"enable","ocean_add_body_class":"","ocean_shortcode_before_top_bar":"","ocean_shortcode_after_top_bar":"","ocean_shortcode_before_header":"","ocean_shortcode_after_header":"","ocean_has_shortcode":"","ocean_shortcode_after_title":"","ocean_shortcode_before_footer_widgets":"","ocean_shortcode_after_footer_widgets":"","ocean_shortcode_before_footer_bottom":"","ocean_shortcode_after_footer_bottom":"","ocean_display_top_bar":"default","ocean_display_header":"default","ocean_header_style":"","ocean_center_header_left_menu":"0","ocean_custom_header_template":"0","ocean_custom_logo":0,"ocean_custom_retina_logo":0,"ocean_custom_logo_max_width":0,"ocean_custom_logo_tablet_max_width":0,"ocean_custom_logo_mobile_max_width":0,"ocean_custom_logo_max_height":0,"ocean_custom_logo_tablet_max_height":0,"ocean_custom_logo_mobile_max_height":0,"ocean_header_custom_menu":"0","ocean_menu_typo_font_family":"0","ocean_menu_typo_font_subset":"","ocean_menu_typo_font_size":0,"ocean_menu_typo_font_size_tablet":0,"ocean_menu_typo_font_size_mobile":0,"ocean_menu_typo_font_size_unit":"px","ocean_menu_typo_font_weight":"","ocean_menu_typo_font_weight_tablet":"","ocean_menu_typo_font_weight_mobile":"","ocean_menu_typo_transform":"","ocean_menu_typo_transform_tablet":"","ocean_menu_typo_transform_mobile":"","ocean_menu_typo_line_height":0,"ocean_menu_typo_line_height_tablet":0,"ocean_menu_typo_line_height_mobile":0,"ocean_menu_typo_line_height_unit":"","ocean_menu_typo_spacing":0,"ocean_menu_typo_spacing_tablet":0,"ocean_menu_typo_spacing_mobile":0,"ocean_menu_typo_spacing_unit":"","ocean_menu_link_color":"","ocean_menu_link_color_hover":"","ocean_menu_link_color_active":"","ocean_menu_link_background":"","ocean_menu_link_hover_background":"","ocean_menu_link_active_background":"","ocean_menu_social_links_bg":"","ocean_menu_social_hover_links_bg":"","ocean_menu_social_links_color":"","ocean_menu_social_hover_links_color":"","ocean_disable_title":"on","ocean_disable_heading":"default","ocean_post_title":"","ocean_post_subheading":"","ocean_post_title_style":"","ocean_post_title_background_color":"","ocean_post_title_background":0,"ocean_post_title_bg_image_position":"","ocean_post_title_bg_image_attachment":"","ocean_post_title_bg_image_repeat":"","ocean_post_title_bg_image_size":"","ocean_post_title_height":0,"ocean_post_title_bg_overlay":0.5,"ocean_post_title_bg_overlay_color":"","ocean_disable_breadcrumbs":"default","ocean_breadcrumbs_color":"","ocean_breadcrumbs_separator_color":"","ocean_breadcrumbs_links_color":"","ocean_breadcrumbs_links_hover_color":"","ocean_display_footer_widgets":"default","ocean_display_footer_bottom":"default","ocean_custom_footer_template":"0","_themeisle_gutenberg_block_has_review":false,"footnotes":""},"class_list":["post-4219","page","type-page","status-publish","hentry","entry"],"_links":{"self":[{"href":"https:\/\/www.lyceeclaudegellee.fr\/index.php?rest_route=\/wp\/v2\/pages\/4219","targetHints":{"allow":["GET"]}}],"collection":[{"href":"https:\/\/www.lyceeclaudegellee.fr\/index.php?rest_route=\/wp\/v2\/pages"}],"about":[{"href":"https:\/\/www.lyceeclaudegellee.fr\/index.php?rest_route=\/wp\/v2\/types\/page"}],"author":[{"embeddable":true,"href":"https:\/\/www.lyceeclaudegellee.fr\/index.php?rest_route=\/wp\/v2\/users\/1"}],"replies":[{"embeddable":true,"href":"https:\/\/www.lyceeclaudegellee.fr\/index.php?rest_route=%2Fwp%2Fv2%2Fcomments&post=4219"}],"version-history":[{"count":31,"href":"https:\/\/www.lyceeclaudegellee.fr\/index.php?rest_route=\/wp\/v2\/pages\/4219\/revisions"}],"predecessor-version":[{"id":10693,"href":"https:\/\/www.lyceeclaudegellee.fr\/index.php?rest_route=\/wp\/v2\/pages\/4219\/revisions\/10693"}],"wp:attachment":[{"href":"https:\/\/www.lyceeclaudegellee.fr\/index.php?rest_route=%2Fwp%2Fv2%2Fmedia&parent=4219"}],"curies":[{"name":"wp","href":"https:\/\/api.w.org\/{rel}","templated":true}]}}