{"id":4138,"date":"2022-01-26T11:54:37","date_gmt":"2022-01-26T10:54:37","guid":{"rendered":"http:\/\/giphojo.cluster028.hosting.ovh.net\/?page_id=4138"},"modified":"2025-02-24T14:55:53","modified_gmt":"2025-02-24T13:55:53","slug":"la-specialite-histoire-geographie-geopolitique-sciences-politique-presentee-par-marine-14","status":"publish","type":"page","link":"https:\/\/www.lyceeclaudegellee.fr\/?page_id=4138","title":{"rendered":"La sp\u00e9cialit\u00e9 Histoire G\u00e9ographie G\u00e9opolitique Sciences Po."},"content":{"rendered":"\t\t<div data-elementor-type=\"wp-page\" data-elementor-id=\"4138\" class=\"elementor elementor-4138\">\n\t\t\t\t\t\t<section class=\"has_eae_slider elementor-section elementor-top-section elementor-element elementor-element-c4774d4 elementor-section-stretched elementor-section-boxed elementor-section-height-default elementor-section-height-default\" data-eae-slider=\"3613\" data-id=\"c4774d4\" data-element_type=\"section\" data-e-type=\"section\" data-settings=\"{&quot;stretch_section&quot;:&quot;section-stretched&quot;,&quot;background_background&quot;:&quot;gradient&quot;}\">\n\t\t\t\t\t\t<div class=\"elementor-container elementor-column-gap-wide\">\n\t\t\t\t\t<div class=\"has_eae_slider elementor-column elementor-col-100 elementor-top-column elementor-element elementor-element-eaefdb7\" data-eae-slider=\"29135\" data-id=\"eaefdb7\" data-element_type=\"column\" data-e-type=\"column\">\n\t\t\t<div class=\"elementor-widget-wrap elementor-element-populated\">\n\t\t\t\t\t\t<div class=\"elementor-element elementor-element-0464d45 elementor-widget elementor-widget-text-editor\" data-id=\"0464d45\" data-element_type=\"widget\" data-e-type=\"widget\" data-widget_type=\"text-editor.default\">\n\t\t\t\t\t\t\t\t\t<p>\u00a0<\/p><p>\u00a0<\/p><p>\u00a0<\/p>\t\t\t\t\t\t\t\t<\/div>\n\t\t\t\t\t<\/div>\n\t\t<\/div>\n\t\t\t\t\t<\/div>\n\t\t<\/section>\n\t\t\t\t<section class=\"has_eae_slider elementor-section elementor-top-section elementor-element elementor-element-34ded37 elementor-section-full_width elementor-section-height-default elementor-section-height-default\" data-eae-slider=\"93550\" data-id=\"34ded37\" data-element_type=\"section\" data-e-type=\"section\">\n\t\t\t\t\t\t<div class=\"elementor-container elementor-column-gap-default\">\n\t\t\t\t\t<div class=\"has_eae_slider elementor-column elementor-col-100 elementor-top-column elementor-element elementor-element-5a2ef55\" data-eae-slider=\"77842\" data-id=\"5a2ef55\" data-element_type=\"column\" data-e-type=\"column\">\n\t\t\t<div class=\"elementor-widget-wrap elementor-element-populated\">\n\t\t\t\t\t\t<div class=\"elementor-element elementor-element-c51f8b5 elementor-widget elementor-widget-heading\" data-id=\"c51f8b5\" data-element_type=\"widget\" data-e-type=\"widget\" data-widget_type=\"heading.default\">\n\t\t\t\t\t<h2 class=\"elementor-heading-title elementor-size-default\">La sp\u00e9cialit\u00e9 Histoire G\u00e9ographie G\u00e9opolitique Sciences Politiques<\/h2>\t\t\t\t<\/div>\n\t\t\t\t\t<\/div>\n\t\t<\/div>\n\t\t\t\t\t<\/div>\n\t\t<\/section>\n\t\t\t\t<section class=\"has_eae_slider elementor-section elementor-top-section elementor-element elementor-element-59256e7 elementor-section-full_width elementor-section-height-default elementor-section-height-default\" data-eae-slider=\"78737\" data-id=\"59256e7\" data-element_type=\"section\" data-e-type=\"section\">\n\t\t\t\t\t\t<div class=\"elementor-container elementor-column-gap-default\">\n\t\t\t\t\t<div class=\"has_eae_slider elementor-column elementor-col-100 elementor-top-column elementor-element elementor-element-4fb0662\" data-eae-slider=\"65186\" data-id=\"4fb0662\" data-element_type=\"column\" data-e-type=\"column\">\n\t\t\t<div class=\"elementor-widget-wrap elementor-element-populated\">\n\t\t\t\t\t\t<div class=\"elementor-element elementor-element-0650717 elementor-widget elementor-widget-text-editor\" data-id=\"0650717\" data-element_type=\"widget\" data-e-type=\"widget\" data-widget_type=\"text-editor.default\">\n\t\t\t\t\t\t\t\t\t<p align=\"justify\"><span style=\"font-size: small;\"><span style=\"font-family: Arial Narrow, serif;\">La sp\u00e9cialit\u00e9 s\u2019adresse aux lyc\u00e9ens curieux d\u2019approfondir leur connaissance du monde contemporain, tout en se pr\u00e9parant aussi judicieusement \u00e0 certaines formations post-bac (Licences de Droit, G\u00e9ographie, Histoire, \u00e9tudes de sciences politiques, classes pr\u00e9paratoires, \u00e9coles de commerce et de management\u2026). Elle ouvre aussi des perspectives professionnelles dans les carri\u00e8res du journalisme, de l\u2019enseignement, des forces arm\u00e9es. Les contenus abord\u00e9s en cours sont th\u00e9matiques et transversaux : ils permettent de voyager d\u2019une \u00e9poque \u00e0 l\u2019autre, de jongler entre les \u00e9chelles g\u00e9ographiques dans l\u2019optique de donner des cl\u00e9s de compr\u00e9hension du monde (classe de 1\u00e8re) et d\u2019en percevoir les grands enjeux (classe de terminale). En premi\u00e8re les th\u00e8mes abord\u00e9s sont ceux de la d\u00e9mocratie, de la puissance, des fronti\u00e8res, des m\u00e9dias ainsi que l\u2019\u00e9tude du lien entre Etats et religions. L\u2019ann\u00e9e suivante, d\u2019autres dimensions sont pr\u00e9sent\u00e9es : les nouveaux espaces de conqu\u00eate, guerres et paix, Histoire et m\u00e9moires, le patrimoine, l\u2019environnement et la connaissance. Les \u00e9valuations finales reposent sur des compositions et des \u00e9tudes de documents, ce qui permettra aussi \u00e0 chacun de d\u00e9velopper ses comp\u00e9tences litt\u00e9raires. Esprits curieux, cette sp\u00e9cialit\u00e9 vous ouvrira des horizons \u00e9largis et parfois inattendus !<\/span><\/span><\/p>\t\t\t\t\t\t\t\t<\/div>\n\t\t\t\t\t<\/div>\n\t\t<\/div>\n\t\t\t\t\t<\/div>\n\t\t<\/section>\n\t\t<div class=\"has_eae_slider elementor-element elementor-element-f86f95b e-con-full e-flex e-con e-parent\" data-eae-slider=\"33607\" data-id=\"f86f95b\" data-element_type=\"container\" data-e-type=\"container\">\n\t\t\t\t<div class=\"elementor-element elementor-element-6911ba5 elementor-widget elementor-widget-image\" data-id=\"6911ba5\" data-element_type=\"widget\" data-e-type=\"widget\" data-widget_type=\"image.default\">\n\t\t\t\t\t\t\t\t\t\t\t\t\t\t\t<img fetchpriority=\"high\" decoding=\"async\" width=\"1024\" height=\"576\" src=\"https:\/\/www.lyceeclaudegellee.fr\/wp-content\/uploads\/2025\/02\/1.-specialite-HGGSP-1024x576.jpg\" class=\"attachment-large size-large wp-image-10706\" alt=\"\" srcset=\"https:\/\/www.lyceeclaudegellee.fr\/wp-content\/uploads\/2025\/02\/1.-specialite-HGGSP-1024x576.jpg 1024w, https:\/\/www.lyceeclaudegellee.fr\/wp-content\/uploads\/2025\/02\/1.-specialite-HGGSP-300x169.jpg 300w, https:\/\/www.lyceeclaudegellee.fr\/wp-content\/uploads\/2025\/02\/1.-specialite-HGGSP-768x432.jpg 768w, https:\/\/www.lyceeclaudegellee.fr\/wp-content\/uploads\/2025\/02\/1.-specialite-HGGSP-800x450.jpg 800w, https:\/\/www.lyceeclaudegellee.fr\/wp-content\/uploads\/2025\/02\/1.-specialite-HGGSP.jpg 1280w\" sizes=\"(max-width: 1024px) 100vw, 1024px\" \/>\t\t\t\t\t\t\t\t\t\t\t\t\t\t\t<\/div>\n\t\t\t\t<\/div>\n\t\t<div class=\"has_eae_slider elementor-element elementor-element-a6eb411 e-con-full e-flex e-con e-parent\" data-eae-slider=\"35153\" data-id=\"a6eb411\" data-element_type=\"container\" data-e-type=\"container\">\n\t\t\t\t<div class=\"elementor-element elementor-element-09d95dc elementor-widget elementor-widget-image\" data-id=\"09d95dc\" data-element_type=\"widget\" data-e-type=\"widget\" data-widget_type=\"image.default\">\n\t\t\t\t\t\t\t\t\t\t\t\t\t\t\t<img decoding=\"async\" width=\"1024\" height=\"576\" src=\"https:\/\/www.lyceeclaudegellee.fr\/wp-content\/uploads\/2025\/02\/2.specialite-HGGSP-P1-1024x576.jpg\" class=\"attachment-large size-large wp-image-10707\" alt=\"\" srcset=\"https:\/\/www.lyceeclaudegellee.fr\/wp-content\/uploads\/2025\/02\/2.specialite-HGGSP-P1-1024x576.jpg 1024w, https:\/\/www.lyceeclaudegellee.fr\/wp-content\/uploads\/2025\/02\/2.specialite-HGGSP-P1-300x169.jpg 300w, https:\/\/www.lyceeclaudegellee.fr\/wp-content\/uploads\/2025\/02\/2.specialite-HGGSP-P1-768x432.jpg 768w, https:\/\/www.lyceeclaudegellee.fr\/wp-content\/uploads\/2025\/02\/2.specialite-HGGSP-P1-800x450.jpg 800w, https:\/\/www.lyceeclaudegellee.fr\/wp-content\/uploads\/2025\/02\/2.specialite-HGGSP-P1.jpg 1280w\" sizes=\"(max-width: 1024px) 100vw, 1024px\" \/>\t\t\t\t\t\t\t\t\t\t\t\t\t\t\t<\/div>\n\t\t\t\t<\/div>\n\t\t<div class=\"has_eae_slider elementor-element elementor-element-befc15e e-con-full e-flex e-con e-parent\" data-eae-slider=\"11572\" data-id=\"befc15e\" data-element_type=\"container\" data-e-type=\"container\">\n\t\t\t\t<div class=\"elementor-element elementor-element-db60583 elementor-widget elementor-widget-image\" data-id=\"db60583\" data-element_type=\"widget\" data-e-type=\"widget\" data-widget_type=\"image.default\">\n\t\t\t\t\t\t\t\t\t\t\t\t\t\t\t<img decoding=\"async\" width=\"1024\" height=\"576\" src=\"https:\/\/www.lyceeclaudegellee.fr\/wp-content\/uploads\/2025\/02\/3.specialite-HGGSP-P1-1024x576.jpg\" class=\"attachment-large size-large wp-image-10708\" alt=\"\" srcset=\"https:\/\/www.lyceeclaudegellee.fr\/wp-content\/uploads\/2025\/02\/3.specialite-HGGSP-P1-1024x576.jpg 1024w, https:\/\/www.lyceeclaudegellee.fr\/wp-content\/uploads\/2025\/02\/3.specialite-HGGSP-P1-300x169.jpg 300w, https:\/\/www.lyceeclaudegellee.fr\/wp-content\/uploads\/2025\/02\/3.specialite-HGGSP-P1-768x432.jpg 768w, https:\/\/www.lyceeclaudegellee.fr\/wp-content\/uploads\/2025\/02\/3.specialite-HGGSP-P1-800x450.jpg 800w, https:\/\/www.lyceeclaudegellee.fr\/wp-content\/uploads\/2025\/02\/3.specialite-HGGSP-P1.jpg 1280w\" sizes=\"(max-width: 1024px) 100vw, 1024px\" \/>\t\t\t\t\t\t\t\t\t\t\t\t\t\t\t<\/div>\n\t\t\t\t<\/div>\n\t\t<div class=\"has_eae_slider elementor-element elementor-element-524b88c e-con-full e-flex e-con e-parent\" data-eae-slider=\"98634\" data-id=\"524b88c\" data-element_type=\"container\" data-e-type=\"container\">\n\t\t\t\t<div class=\"elementor-element elementor-element-08e9e16 elementor-widget elementor-widget-image\" data-id=\"08e9e16\" data-element_type=\"widget\" data-e-type=\"widget\" data-widget_type=\"image.default\">\n\t\t\t\t\t\t\t\t\t\t\t\t\t\t\t<img loading=\"lazy\" decoding=\"async\" width=\"1024\" height=\"576\" src=\"https:\/\/www.lyceeclaudegellee.fr\/wp-content\/uploads\/2025\/02\/4.specialite-HGGSP-P1-1024x576.jpg\" class=\"attachment-large size-large wp-image-10709\" alt=\"\" srcset=\"https:\/\/www.lyceeclaudegellee.fr\/wp-content\/uploads\/2025\/02\/4.specialite-HGGSP-P1-1024x576.jpg 1024w, https:\/\/www.lyceeclaudegellee.fr\/wp-content\/uploads\/2025\/02\/4.specialite-HGGSP-P1-300x169.jpg 300w, https:\/\/www.lyceeclaudegellee.fr\/wp-content\/uploads\/2025\/02\/4.specialite-HGGSP-P1-768x432.jpg 768w, https:\/\/www.lyceeclaudegellee.fr\/wp-content\/uploads\/2025\/02\/4.specialite-HGGSP-P1-800x450.jpg 800w, https:\/\/www.lyceeclaudegellee.fr\/wp-content\/uploads\/2025\/02\/4.specialite-HGGSP-P1.jpg 1280w\" sizes=\"(max-width: 1024px) 100vw, 1024px\" \/>\t\t\t\t\t\t\t\t\t\t\t\t\t\t\t<\/div>\n\t\t\t\t<\/div>\n\t\t<div class=\"has_eae_slider elementor-element elementor-element-37a1c03 e-con-full e-flex e-con e-parent\" data-eae-slider=\"25217\" data-id=\"37a1c03\" data-element_type=\"container\" data-e-type=\"container\">\n\t\t\t\t<div class=\"elementor-element elementor-element-8314b8d elementor-widget elementor-widget-image\" data-id=\"8314b8d\" data-element_type=\"widget\" data-e-type=\"widget\" data-widget_type=\"image.default\">\n\t\t\t\t\t\t\t\t\t\t\t\t\t\t\t<img loading=\"lazy\" decoding=\"async\" width=\"1024\" height=\"576\" src=\"https:\/\/www.lyceeclaudegellee.fr\/wp-content\/uploads\/2025\/02\/5.specialite-HGGSP-P1-1024x576.jpg\" class=\"attachment-large size-large wp-image-10710\" alt=\"\" srcset=\"https:\/\/www.lyceeclaudegellee.fr\/wp-content\/uploads\/2025\/02\/5.specialite-HGGSP-P1-1024x576.jpg 1024w, https:\/\/www.lyceeclaudegellee.fr\/wp-content\/uploads\/2025\/02\/5.specialite-HGGSP-P1-300x169.jpg 300w, https:\/\/www.lyceeclaudegellee.fr\/wp-content\/uploads\/2025\/02\/5.specialite-HGGSP-P1-768x432.jpg 768w, https:\/\/www.lyceeclaudegellee.fr\/wp-content\/uploads\/2025\/02\/5.specialite-HGGSP-P1-800x450.jpg 800w, https:\/\/www.lyceeclaudegellee.fr\/wp-content\/uploads\/2025\/02\/5.specialite-HGGSP-P1.jpg 1280w\" sizes=\"(max-width: 1024px) 100vw, 1024px\" \/>\t\t\t\t\t\t\t\t\t\t\t\t\t\t\t<\/div>\n\t\t\t\t<\/div>\n\t\t\t\t<\/div>\n\t\t","protected":false},"excerpt":{"rendered":"<p>\u00a0 \u00a0 \u00a0 La sp\u00e9cialit\u00e9 Histoire G\u00e9ographie G\u00e9opolitique Sciences Politiques La sp\u00e9cialit\u00e9 s\u2019adresse aux lyc\u00e9ens curieux d\u2019approfondir leur connaissance du monde contemporain, tout en se pr\u00e9parant aussi judicieusement \u00e0 certaines formations post-bac (Licences de Droit, G\u00e9ographie, Histoire, \u00e9tudes de sciences politiques, classes pr\u00e9paratoires, \u00e9coles de commerce et de management\u2026). Elle ouvre aussi des perspectives professionnelles [&hellip;]<\/p>\n","protected":false},"author":1,"featured_media":0,"parent":0,"menu_order":0,"comment_status":"closed","ping_status":"closed","template":"","meta":{"ocean_post_layout":"","ocean_both_sidebars_style":"","ocean_both_sidebars_content_width":0,"ocean_both_sidebars_sidebars_width":0,"ocean_sidebar":"0","ocean_second_sidebar":"0","ocean_disable_margins":"enable","ocean_add_body_class":"","ocean_shortcode_before_top_bar":"","ocean_shortcode_after_top_bar":"","ocean_shortcode_before_header":"","ocean_shortcode_after_header":"","ocean_has_shortcode":"","ocean_shortcode_after_title":"","ocean_shortcode_before_footer_widgets":"","ocean_shortcode_after_footer_widgets":"","ocean_shortcode_before_footer_bottom":"","ocean_shortcode_after_footer_bottom":"","ocean_display_top_bar":"default","ocean_display_header":"default","ocean_header_style":"","ocean_center_header_left_menu":"0","ocean_custom_header_template":"0","ocean_custom_logo":0,"ocean_custom_retina_logo":0,"ocean_custom_logo_max_width":0,"ocean_custom_logo_tablet_max_width":0,"ocean_custom_logo_mobile_max_width":0,"ocean_custom_logo_max_height":0,"ocean_custom_logo_tablet_max_height":0,"ocean_custom_logo_mobile_max_height":0,"ocean_header_custom_menu":"0","ocean_menu_typo_font_family":"0","ocean_menu_typo_font_subset":"","ocean_menu_typo_font_size":0,"ocean_menu_typo_font_size_tablet":0,"ocean_menu_typo_font_size_mobile":0,"ocean_menu_typo_font_size_unit":"px","ocean_menu_typo_font_weight":"","ocean_menu_typo_font_weight_tablet":"","ocean_menu_typo_font_weight_mobile":"","ocean_menu_typo_transform":"","ocean_menu_typo_transform_tablet":"","ocean_menu_typo_transform_mobile":"","ocean_menu_typo_line_height":0,"ocean_menu_typo_line_height_tablet":0,"ocean_menu_typo_line_height_mobile":0,"ocean_menu_typo_line_height_unit":"","ocean_menu_typo_spacing":0,"ocean_menu_typo_spacing_tablet":0,"ocean_menu_typo_spacing_mobile":0,"ocean_menu_typo_spacing_unit":"","ocean_menu_link_color":"","ocean_menu_link_color_hover":"","ocean_menu_link_color_active":"","ocean_menu_link_background":"","ocean_menu_link_hover_background":"","ocean_menu_link_active_background":"","ocean_menu_social_links_bg":"","ocean_menu_social_hover_links_bg":"","ocean_menu_social_links_color":"","ocean_menu_social_hover_links_color":"","ocean_disable_title":"on","ocean_disable_heading":"default","ocean_post_title":"","ocean_post_subheading":"","ocean_post_title_style":"","ocean_post_title_background_color":"","ocean_post_title_background":0,"ocean_post_title_bg_image_position":"","ocean_post_title_bg_image_attachment":"","ocean_post_title_bg_image_repeat":"","ocean_post_title_bg_image_size":"","ocean_post_title_height":0,"ocean_post_title_bg_overlay":0.5,"ocean_post_title_bg_overlay_color":"","ocean_disable_breadcrumbs":"default","ocean_breadcrumbs_color":"","ocean_breadcrumbs_separator_color":"","ocean_breadcrumbs_links_color":"","ocean_breadcrumbs_links_hover_color":"","ocean_display_footer_widgets":"default","ocean_display_footer_bottom":"default","ocean_custom_footer_template":"0","_themeisle_gutenberg_block_has_review":false,"footnotes":""},"class_list":["post-4138","page","type-page","status-publish","hentry","entry"],"_links":{"self":[{"href":"https:\/\/www.lyceeclaudegellee.fr\/index.php?rest_route=\/wp\/v2\/pages\/4138","targetHints":{"allow":["GET"]}}],"collection":[{"href":"https:\/\/www.lyceeclaudegellee.fr\/index.php?rest_route=\/wp\/v2\/pages"}],"about":[{"href":"https:\/\/www.lyceeclaudegellee.fr\/index.php?rest_route=\/wp\/v2\/types\/page"}],"author":[{"embeddable":true,"href":"https:\/\/www.lyceeclaudegellee.fr\/index.php?rest_route=\/wp\/v2\/users\/1"}],"replies":[{"embeddable":true,"href":"https:\/\/www.lyceeclaudegellee.fr\/index.php?rest_route=%2Fwp%2Fv2%2Fcomments&post=4138"}],"version-history":[{"count":60,"href":"https:\/\/www.lyceeclaudegellee.fr\/index.php?rest_route=\/wp\/v2\/pages\/4138\/revisions"}],"predecessor-version":[{"id":10713,"href":"https:\/\/www.lyceeclaudegellee.fr\/index.php?rest_route=\/wp\/v2\/pages\/4138\/revisions\/10713"}],"wp:attachment":[{"href":"https:\/\/www.lyceeclaudegellee.fr\/index.php?rest_route=%2Fwp%2Fv2%2Fmedia&parent=4138"}],"curies":[{"name":"wp","href":"https:\/\/api.w.org\/{rel}","templated":true}]}}