{"id":2921,"date":"2021-12-08T13:05:41","date_gmt":"2021-12-08T12:05:41","guid":{"rendered":"http:\/\/giphojo.cluster028.hosting.ovh.net\/?page_id=2921"},"modified":"2025-06-30T16:48:57","modified_gmt":"2025-06-30T14:48:57","slug":"mentions-legales","status":"publish","type":"page","link":"https:\/\/www.lyceeclaudegellee.fr\/?page_id=2921","title":{"rendered":"Mentions l\u00e9gales"},"content":{"rendered":"\t\t<div data-elementor-type=\"wp-page\" data-elementor-id=\"2921\" class=\"elementor elementor-2921\">\n\t\t\t\t\t\t<section class=\"has_eae_slider elementor-section elementor-top-section elementor-element elementor-element-1eedecb elementor-section-stretched elementor-section-boxed elementor-section-height-default elementor-section-height-default\" data-eae-slider=\"83423\" data-id=\"1eedecb\" data-element_type=\"section\" data-e-type=\"section\" data-settings=\"{&quot;stretch_section&quot;:&quot;section-stretched&quot;,&quot;background_background&quot;:&quot;gradient&quot;}\">\n\t\t\t\t\t\t<div class=\"elementor-container elementor-column-gap-wide\">\n\t\t\t\t\t<div class=\"has_eae_slider elementor-column elementor-col-100 elementor-top-column elementor-element elementor-element-a14a23d\" data-eae-slider=\"18376\" data-id=\"a14a23d\" data-element_type=\"column\" data-e-type=\"column\">\n\t\t\t<div class=\"elementor-widget-wrap elementor-element-populated\">\n\t\t\t\t\t\t<div class=\"elementor-element elementor-element-15cbb95 elementor-widget elementor-widget-text-editor\" data-id=\"15cbb95\" data-element_type=\"widget\" data-e-type=\"widget\" data-widget_type=\"text-editor.default\">\n\t\t\t\t\t\t\t\t\t<p>\u00a0<\/p><p>\u00a0<\/p><p>\u00a0<\/p>\t\t\t\t\t\t\t\t<\/div>\n\t\t\t\t\t<\/div>\n\t\t<\/div>\n\t\t\t\t\t<\/div>\n\t\t<\/section>\n\t\t\t\t<section class=\"has_eae_slider elementor-section elementor-top-section elementor-element elementor-element-eb24add elementor-section-full_width elementor-section-height-default elementor-section-height-default\" data-eae-slider=\"24200\" data-id=\"eb24add\" data-element_type=\"section\" data-e-type=\"section\">\n\t\t\t\t\t\t<div class=\"elementor-container elementor-column-gap-default\">\n\t\t\t\t\t<div class=\"has_eae_slider elementor-column elementor-col-100 elementor-top-column elementor-element elementor-element-7b7bb2a\" data-eae-slider=\"18227\" data-id=\"7b7bb2a\" data-element_type=\"column\" data-e-type=\"column\">\n\t\t\t<div class=\"elementor-widget-wrap elementor-element-populated\">\n\t\t\t\t\t\t<div class=\"elementor-element elementor-element-a5d1951 elementor-widget elementor-widget-heading\" data-id=\"a5d1951\" data-element_type=\"widget\" data-e-type=\"widget\" data-widget_type=\"heading.default\">\n\t\t\t\t\t<h2 class=\"elementor-heading-title elementor-size-default\">Mentions l\u00e9gales<\/h2>\t\t\t\t<\/div>\n\t\t\t\t\t<\/div>\n\t\t<\/div>\n\t\t\t\t\t<\/div>\n\t\t<\/section>\n\t\t\t\t<section class=\"has_eae_slider elementor-section elementor-top-section elementor-element elementor-element-2c0df94 elementor-section-full_width elementor-section-height-default elementor-section-height-default\" data-eae-slider=\"78747\" data-id=\"2c0df94\" data-element_type=\"section\" data-e-type=\"section\" data-settings=\"{&quot;background_background&quot;:&quot;gradient&quot;}\">\n\t\t\t\t\t\t<div class=\"elementor-container elementor-column-gap-default\">\n\t\t\t\t\t<div class=\"has_eae_slider elementor-column elementor-col-100 elementor-top-column elementor-element elementor-element-a75de2c\" data-eae-slider=\"3154\" data-id=\"a75de2c\" data-element_type=\"column\" data-e-type=\"column\">\n\t\t\t<div class=\"elementor-widget-wrap elementor-element-populated\">\n\t\t\t\t\t\t<div class=\"elementor-element elementor-element-41db13a elementor-widget elementor-widget-text-editor\" data-id=\"41db13a\" data-element_type=\"widget\" data-e-type=\"widget\" data-widget_type=\"text-editor.default\">\n\t\t\t\t\t\t\t\t\t<p style=\"line-height: normal; mso-outline-level: 2; vertical-align: middle; margin: 27.0pt 0cm 9.0pt 0cm;\"><b><span style=\"font-size: 14.5pt;\">Informations g\u00e9n\u00e9rales<\/span><\/b><\/p><p style=\"margin-top: .75pt; mso-margin-bottom-alt: auto; line-height: normal;\">Ce site a enti\u00e8rement<br \/>\u00e9t\u00e9 r\u00e9alis\u00e9 en interne en collaboration avec les personnels du lyc\u00e9e Claude Gell\u00e9e. L&rsquo;outil de gestion de contenu de ce site est WordPress.<b> <\/b><\/p><p style=\"line-height: normal; mso-outline-level: 3; vertical-align: middle; margin: 4.8pt 0cm 1.2pt 0cm;\"><b><span style=\"font-size: 12.5pt;\">\u00c9diteur<\/span><\/b><\/p><p style=\"margin-top: .75pt; mso-margin-bottom-alt: auto; line-height: normal;\">Le lyc\u00e9e Claude Gell\u00e9e.<span style=\"color: #252525;\"><br \/>Ce site est enrichi et mis \u00e0 jour r\u00e9guli\u00e8rement les personnels du lyc\u00e9e Claude<br \/>Gell\u00e9e<\/span><\/p><p style=\"line-height: normal; mso-outline-level: 3; vertical-align: middle; margin: 4.8pt 0cm 1.2pt 0cm;\"><b><span style=\"font-size: 12.5pt;\">Directeur de la publication<\/span><\/b><\/p><p style=\"margin-top: .75pt; mso-margin-bottom-alt: auto; line-height: normal;\">Monsieur Olivier Odille, Proviseur du lyc\u00e9e Claude Gell\u00e9e<\/p><p style=\"line-height: normal; mso-outline-level: 2; vertical-align: middle; margin: 27.0pt 0cm 9.0pt 0cm;\"><b><span style=\"font-size: 14.5pt;\">Protection des donn\u00e9es<\/span><\/b><\/p><p style=\"line-height: normal; mso-outline-level: 3; vertical-align: middle; margin: 4.8pt 0cm 1.2pt 0cm;\"><b><span style=\"font-size: 12.5pt;\">Respect des lois en vigueur<\/span><\/b><\/p><p style=\"margin-bottom: .0001pt; text-align: justify; line-height: normal;\">Le site lyc\u00e9e ClaudeGell\u00e9e.fr respecte la vie priv\u00e9e de l&rsquo;internaute et se conforme strictement aux lois en vigueur sur la protection de la vie priv\u00e9e et des libert\u00e9s individuelles. Aucune information personnelle n&rsquo;est collect\u00e9e \u00e0 votre insu. Aucune information personnelle n&rsquo;est c\u00e9d\u00e9e \u00e0 des tiers. Il est \u00e0 noter que le site ClaudeGell\u00e9e.fr contient deux liens Instagram ainsi que des vid\u00e9os YouTube pouvant rediriger l&rsquo;utilisateur vers des sites internet tiers. <span style=\"font-size: 14px; background-color: transparent;\">Le site ClaudeGell\u00e9e.fr n\u2019exerce aucun contr\u00f4le sur ces sites et ne pourra en aucun cas voir sa responsabilit\u00e9 engag\u00e9e pour le contenu publi\u00e9 sur ces sites tiers ou pour tout dommage ou pr\u00e9judice d\u00e9coulant de la navigation sur ces sites.<\/span><\/p><p style=\"line-height: normal; mso-outline-level: 3; vertical-align: middle; margin: 4.8pt 0cm 1.2pt 0cm;\"><b><span style=\"font-size: 12.5pt;\">\u00a0<\/span><\/b><\/p><p style=\"line-height: normal; mso-outline-level: 3; vertical-align: middle; margin: 4.8pt 0cm 1.2pt 0cm;\"><b><span style=\"font-size: 12.5pt;\">Droit des internautes : droit d&rsquo;acc\u00e8s et de rectification<\/span><\/b><\/p><p style=\"margin-bottom: .0001pt; text-align: justify; line-height: normal;\">Conform\u00e9ment aux dispositions de la loi n\u00b078-17 du 6 janvier 1978 relative \u00e0 l&rsquo;informatique, aux fichiers et aux libert\u00e9s, les internautes disposent d&rsquo;un droit d&rsquo;acc\u00e8s, de modification, de rectification et de suppression des donn\u00e9es qui les concernent.<\/p><p style=\"line-height: normal; mso-outline-level: 3; vertical-align: middle; margin: 4.8pt 0cm 1.2pt 0cm;\"><b><span style=\"font-size: 12.5pt;\">Cookies<\/span><\/b><\/p><p style=\"line-height: normal; mso-outline-level: 3; vertical-align: middle; margin: 4.8pt 0cm 1.2pt 0cm;\">Nous utilisons des cookies pour vous garantir la meilleure exp\u00e9rience sur notre site web.<\/p><p style=\"line-height: normal; mso-outline-level: 2; vertical-align: middle; margin: 27.0pt 0cm 9.0pt 0cm;\"><b><span style=\"font-size: 14.5pt;\">H\u00e9bergement du site<\/span><\/b><\/p><p style=\"line-height: normal; mso-outline-level: 3; vertical-align: middle; margin: 4.8pt 0cm 1.2pt 0cm;\"><b><span style=\"font-size: 12.5pt;\">H\u00e9bergement<\/span><\/b><\/p><p style=\"margin-bottom: .0001pt; line-height: normal;\">Ce site est h\u00e9berg\u00e9 sur\u00a0OVH.<\/p><p style=\"line-height: normal; mso-outline-level: 2; vertical-align: middle; margin: 27.0pt 0cm 9.0pt 0cm;\"><b><span style=\"font-size: 14.5pt;\">Droits d&rsquo;auteur et droits de reproduction<\/span><\/b><\/p><p style=\"line-height: normal; mso-outline-level: 3; vertical-align: middle; margin: 4.8pt 0cm 1.2pt 0cm;\"><b><span style=\"font-size: 12.5pt;\">Droits de reproduction des documents<br \/>publics ou officiels<\/span><\/b><\/p><p style=\"margin-bottom: .0001pt; text-align: justify; line-height: normal;\">Depuis la publication de l&rsquo;ordonnance n\u00b0 2005-650 du 6 juin 2005 relative \u00e0 la libert\u00e9 d&rsquo;acc\u00e8s aux documents administratifs et \u00e0 la r\u00e9utilisation des informations publiques, ces informations peuvent \u00eatre r\u00e9utilis\u00e9es \u00e0 d&rsquo;autres fins que celles pour lesquelles elles ont \u00e9t\u00e9 produites, et particuli\u00e8rement les informations faisant l&rsquo;objet d&rsquo;une diffusion publique. Les documents publics ou officiels ne sont couverts par aucun droit d&rsquo;auteur et peuvent donc \u00eatre reproduits librement. Le graphisme, l&rsquo;iconographie ainsi que le contenu \u00e9ditorial demeurent la propri\u00e9t\u00e9 du lyc\u00e9e Claude Gell\u00e9e, et, \u00e0 ce titre, font l&rsquo;objet des protections pr\u00e9vues par le Code de la propri\u00e9t\u00e9 intellectuelle. Si la reprise de ces contenus administratifs et des informations publiques de fa\u00e7on partielle ou int\u00e9grale est autoris\u00e9e, elle doit \u00eatre obligatoirement assortie de la mention du nom de l&rsquo;auteur, de la source, et \u00e9ventuellement d&rsquo;un lien renvoyant vers le document original en ligne sur le site. La mention \u00ab\u00a0\u00a9 www.lyc\u00e9eClaudeGell\u00e9e.fr\u00a0\u00bb devra donc \u00eatre indiqu\u00e9e. Tous les autres contenus pr\u00e9sents sur le site sont couverts par le droit d&rsquo;auteur. Toute reprise est d\u00e8s lors conditionn\u00e9e \u00e0 l&rsquo;accord de l&rsquo;auteur en vertu de l&rsquo;article L.122-4 du Code de la propri\u00e9t\u00e9 Intellectuelle. Les informations utilis\u00e9es ne doivent l&rsquo;\u00eatre qu&rsquo;\u00e0 des fins personnelles, associatives ou professionnelles ; toute diffusion ou utilisation \u00e0 des fins commerciales ou publicitaires \u00e9tant interdites.<\/p>\t\t\t\t\t\t\t\t<\/div>\n\t\t\t\t\t<\/div>\n\t\t<\/div>\n\t\t\t\t\t<\/div>\n\t\t<\/section>\n\t\t\t\t<section class=\"has_eae_slider elementor-section elementor-top-section elementor-element elementor-element-cb58b25 elementor-section-boxed elementor-section-height-default elementor-section-height-default\" data-eae-slider=\"28925\" data-id=\"cb58b25\" data-element_type=\"section\" data-e-type=\"section\">\n\t\t\t\t\t\t<div class=\"elementor-container elementor-column-gap-default\">\n\t\t\t\t\t<div class=\"has_eae_slider elementor-column elementor-col-100 elementor-top-column elementor-element elementor-element-d03ace9\" data-eae-slider=\"21453\" data-id=\"d03ace9\" data-element_type=\"column\" data-e-type=\"column\">\n\t\t\t<div class=\"elementor-widget-wrap elementor-element-populated\">\n\t\t\t\t\t\t<div class=\"elementor-element elementor-element-f489e94 elementor-widget elementor-widget-spacer\" data-id=\"f489e94\" data-element_type=\"widget\" data-e-type=\"widget\" data-widget_type=\"spacer.default\">\n\t\t\t\t\t\t\t<div class=\"elementor-spacer\">\n\t\t\t<div class=\"elementor-spacer-inner\"><\/div>\n\t\t<\/div>\n\t\t\t\t\t\t<\/div>\n\t\t\t\t\t<\/div>\n\t\t<\/div>\n\t\t\t\t\t<\/div>\n\t\t<\/section>\n\t\t\t\t<\/div>\n\t\t","protected":false},"excerpt":{"rendered":"<p>\u00a0 \u00a0 \u00a0 Mentions l\u00e9gales Informations g\u00e9n\u00e9rales Ce site a enti\u00e8rement\u00e9t\u00e9 r\u00e9alis\u00e9 en interne en collaboration avec les personnels du lyc\u00e9e Claude Gell\u00e9e. L&rsquo;outil de gestion de contenu de ce site est WordPress. \u00c9diteur Le lyc\u00e9e Claude Gell\u00e9e.Ce site est enrichi et mis \u00e0 jour r\u00e9guli\u00e8rement les personnels du lyc\u00e9e ClaudeGell\u00e9e Directeur de la publication [&hellip;]<\/p>\n","protected":false},"author":1,"featured_media":0,"parent":0,"menu_order":0,"comment_status":"closed","ping_status":"closed","template":"","meta":{"ocean_post_layout":"","ocean_both_sidebars_style":"","ocean_both_sidebars_content_width":0,"ocean_both_sidebars_sidebars_width":0,"ocean_sidebar":"0","ocean_second_sidebar":"0","ocean_disable_margins":"enable","ocean_add_body_class":"","ocean_shortcode_before_top_bar":"","ocean_shortcode_after_top_bar":"","ocean_shortcode_before_header":"","ocean_shortcode_after_header":"","ocean_has_shortcode":"","ocean_shortcode_after_title":"","ocean_shortcode_before_footer_widgets":"","ocean_shortcode_after_footer_widgets":"","ocean_shortcode_before_footer_bottom":"","ocean_shortcode_after_footer_bottom":"","ocean_display_top_bar":"default","ocean_display_header":"default","ocean_header_style":"","ocean_center_header_left_menu":"0","ocean_custom_header_template":"0","ocean_custom_logo":0,"ocean_custom_retina_logo":0,"ocean_custom_logo_max_width":0,"ocean_custom_logo_tablet_max_width":0,"ocean_custom_logo_mobile_max_width":0,"ocean_custom_logo_max_height":0,"ocean_custom_logo_tablet_max_height":0,"ocean_custom_logo_mobile_max_height":0,"ocean_header_custom_menu":"0","ocean_menu_typo_font_family":"0","ocean_menu_typo_font_subset":"","ocean_menu_typo_font_size":0,"ocean_menu_typo_font_size_tablet":0,"ocean_menu_typo_font_size_mobile":0,"ocean_menu_typo_font_size_unit":"px","ocean_menu_typo_font_weight":"","ocean_menu_typo_font_weight_tablet":"","ocean_menu_typo_font_weight_mobile":"","ocean_menu_typo_transform":"","ocean_menu_typo_transform_tablet":"","ocean_menu_typo_transform_mobile":"","ocean_menu_typo_line_height":0,"ocean_menu_typo_line_height_tablet":0,"ocean_menu_typo_line_height_mobile":0,"ocean_menu_typo_line_height_unit":"","ocean_menu_typo_spacing":0,"ocean_menu_typo_spacing_tablet":0,"ocean_menu_typo_spacing_mobile":0,"ocean_menu_typo_spacing_unit":"","ocean_menu_link_color":"","ocean_menu_link_color_hover":"","ocean_menu_link_color_active":"","ocean_menu_link_background":"","ocean_menu_link_hover_background":"","ocean_menu_link_active_background":"","ocean_menu_social_links_bg":"","ocean_menu_social_hover_links_bg":"","ocean_menu_social_links_color":"","ocean_menu_social_hover_links_color":"","ocean_disable_title":"on","ocean_disable_heading":"default","ocean_post_title":"","ocean_post_subheading":"","ocean_post_title_style":"","ocean_post_title_background_color":"","ocean_post_title_background":0,"ocean_post_title_bg_image_position":"","ocean_post_title_bg_image_attachment":"","ocean_post_title_bg_image_repeat":"","ocean_post_title_bg_image_size":"","ocean_post_title_height":0,"ocean_post_title_bg_overlay":0.5,"ocean_post_title_bg_overlay_color":"","ocean_disable_breadcrumbs":"default","ocean_breadcrumbs_color":"","ocean_breadcrumbs_separator_color":"","ocean_breadcrumbs_links_color":"","ocean_breadcrumbs_links_hover_color":"","ocean_display_footer_widgets":"default","ocean_display_footer_bottom":"default","ocean_custom_footer_template":"0","_themeisle_gutenberg_block_has_review":false,"footnotes":""},"class_list":["post-2921","page","type-page","status-publish","hentry","entry"],"_links":{"self":[{"href":"https:\/\/www.lyceeclaudegellee.fr\/index.php?rest_route=\/wp\/v2\/pages\/2921","targetHints":{"allow":["GET"]}}],"collection":[{"href":"https:\/\/www.lyceeclaudegellee.fr\/index.php?rest_route=\/wp\/v2\/pages"}],"about":[{"href":"https:\/\/www.lyceeclaudegellee.fr\/index.php?rest_route=\/wp\/v2\/types\/page"}],"author":[{"embeddable":true,"href":"https:\/\/www.lyceeclaudegellee.fr\/index.php?rest_route=\/wp\/v2\/users\/1"}],"replies":[{"embeddable":true,"href":"https:\/\/www.lyceeclaudegellee.fr\/index.php?rest_route=%2Fwp%2Fv2%2Fcomments&post=2921"}],"version-history":[{"count":82,"href":"https:\/\/www.lyceeclaudegellee.fr\/index.php?rest_route=\/wp\/v2\/pages\/2921\/revisions"}],"predecessor-version":[{"id":11505,"href":"https:\/\/www.lyceeclaudegellee.fr\/index.php?rest_route=\/wp\/v2\/pages\/2921\/revisions\/11505"}],"wp:attachment":[{"href":"https:\/\/www.lyceeclaudegellee.fr\/index.php?rest_route=%2Fwp%2Fv2%2Fmedia&parent=2921"}],"curies":[{"name":"wp","href":"https:\/\/api.w.org\/{rel}","templated":true}]}}